{"id":34,"date":"2022-07-18T14:12:11","date_gmt":"2022-07-18T14:12:11","guid":{"rendered":"http:\/\/www.tykomak.fi\/?page_id=34"},"modified":"2022-08-08T15:23:04","modified_gmt":"2022-08-08T12:23:04","slug":"ota-yhteytta","status":"publish","type":"page","link":"https:\/\/www.tykomak.fi\/index.php\/ota-yhteytta\/","title":{"rendered":"Ota rohkeasti yhteytt\u00e4"},"content":{"rendered":"\n<p>Kaikista luontevimmin minut tavoittaa puhelimitse. Jollen pysty vastaamaan, niin pyrin soittamaan takaisin viel\u00e4 saman p\u00e4iv\u00e4n kuluessa.<\/p>\n\n\n\n<p>Alla olevalla lomakkeella voit j\u00e4tt\u00e4\u00e4 yhteydenottopyynn\u00f6n ja halutessasi vaikkapa toivotun yhteydenottojan. Tarjouspyynn\u00f6t saa l\u00e4hett\u00e4\u00e4 suoraan osoitteeseen matti.kentta@tykomak.fi.<\/p>\n\n\n\n<p>Huomaathan, ett\u00e4 yhteydenotto ja palveluni hy\u00f6dyllisyyden arviointi ei sido sinua viel\u00e4 mihink\u00e4\u00e4n.<\/p>\n\n\n<div class=\"wpforms-container wpforms-container-full wpforms-block\" id=\"wpforms-95\"><form id=\"wpforms-form-95\" class=\"wpforms-validate wpforms-form wpforms-ajax-form\" data-formid=\"95\" method=\"post\" enctype=\"multipart\/form-data\" action=\"\/index.php\/wp-json\/wp\/v2\/pages\/34\" data-token=\"c3179ae037e05fb8b6025ddb50d5252f\" data-token-time=\"1778043935\"><noscript class=\"wpforms-error-noscript\">Please enable JavaScript in your browser to complete this form.<\/noscript><div class=\"wpforms-field-container\"><div id=\"wpforms-95-field_0-container\" class=\"wpforms-field wpforms-field-name\" data-field-id=\"0\"><label class=\"wpforms-field-label\" for=\"wpforms-95-field_0\">Nimi <span class=\"wpforms-required-label\">*<\/span><\/label><input type=\"text\" id=\"wpforms-95-field_0\" class=\"wpforms-field-medium wpforms-field-required\" name=\"wpforms[fields][0]\" required><\/div><div id=\"wpforms-95-field_3-container\" class=\"wpforms-field wpforms-field-number\" data-field-id=\"3\"><label class=\"wpforms-field-label\" for=\"wpforms-95-field_3\">Puhelinnumero tai<\/label><input type=\"number\" id=\"wpforms-95-field_3\" class=\"wpforms-field-medium\" name=\"wpforms[fields][3]\" step=\"any\" ><\/div><div id=\"wpforms-95-field_5-container\" class=\"wpforms-field wpforms-field-text\" data-field-id=\"5\"><label class=\"wpforms-field-label\" for=\"wpforms-95-field_5\">s\u00e4hk\u00f6postiosoite<\/label><input type=\"text\" id=\"wpforms-95-field_5\" class=\"wpforms-field-medium\" name=\"wpforms[fields][5]\" ><\/div><div id=\"wpforms-95-field_2-container\" class=\"wpforms-field wpforms-field-textarea\" data-field-id=\"2\"><label class=\"wpforms-field-label\" for=\"wpforms-95-field_2\">Viestikentt\u00e4<\/label><textarea id=\"wpforms-95-field_2\" class=\"wpforms-field-medium\" name=\"wpforms[fields][2]\" ><\/textarea><div class=\"wpforms-field-description\">Vapaavalintainen.<\/div><\/div><\/div><!-- .wpforms-field-container --><div class=\"wpforms-submit-container\" ><input type=\"hidden\" name=\"wpforms[id]\" value=\"95\"><input type=\"hidden\" name=\"page_title\" value=\"\"><input type=\"hidden\" name=\"page_url\" value=\"https:\/\/www.tykomak.fi\/index.php\/wp-json\/wp\/v2\/pages\/34\"><input type=\"hidden\" name=\"url_referer\" value=\"\"><button type=\"submit\" name=\"wpforms[submit]\" id=\"wpforms-submit-95\" class=\"wpforms-submit\" data-alt-text=\"L\u00e4hett\u00e4\u00e4...\" data-submit-text=\"L\u00e4het\u00e4\" aria-live=\"assertive\" value=\"wpforms-submit\">L\u00e4het\u00e4<\/button><img loading=\"lazy\" decoding=\"async\" src=\"https:\/\/www.tykomak.fi\/wp-content\/plugins\/wpforms-lite\/assets\/images\/submit-spin.svg\" class=\"wpforms-submit-spinner\" style=\"display: none;\" width=\"26\" height=\"26\" alt=\"Loading\"><\/div><\/form><\/div>  <!-- .wpforms-container -->","protected":false},"excerpt":{"rendered":"<p>Kaikista luontevimmin minut tavoittaa puhelimitse. Jollen pysty vastaamaan, niin pyrin soittamaan takaisin viel\u00e4 saman p\u00e4iv\u00e4n kuluessa. Alla olevalla lomakkeella voit j\u00e4tt\u00e4\u00e4 yhteydenottopyynn\u00f6n ja halutessasi vaikkapa toivotun yhteydenottojan. Tarjouspyynn\u00f6t saa l\u00e4hett\u00e4\u00e4 suoraan osoitteeseen matti.kentta@tykomak.fi. Huomaathan, ett\u00e4 yhteydenotto ja palveluni hy\u00f6dyllisyyden arviointi ei sido sinua viel\u00e4 mihink\u00e4\u00e4n.<\/p>\n","protected":false},"author":1,"featured_media":0,"parent":0,"menu_order":0,"comment_status":"closed","ping_status":"closed","template":"","meta":{"footnotes":""},"class_list":["post-34","page","type-page","status-publish","hentry"],"_links":{"self":[{"href":"https:\/\/www.tykomak.fi\/index.php\/wp-json\/wp\/v2\/pages\/34","targetHints":{"allow":["GET"]}}],"collection":[{"href":"https:\/\/www.tykomak.fi\/index.php\/wp-json\/wp\/v2\/pages"}],"about":[{"href":"https:\/\/www.tykomak.fi\/index.php\/wp-json\/wp\/v2\/types\/page"}],"author":[{"embeddable":true,"href":"https:\/\/www.tykomak.fi\/index.php\/wp-json\/wp\/v2\/users\/1"}],"replies":[{"embeddable":true,"href":"https:\/\/www.tykomak.fi\/index.php\/wp-json\/wp\/v2\/comments?post=34"}],"version-history":[{"count":4,"href":"https:\/\/www.tykomak.fi\/index.php\/wp-json\/wp\/v2\/pages\/34\/revisions"}],"predecessor-version":[{"id":104,"href":"https:\/\/www.tykomak.fi\/index.php\/wp-json\/wp\/v2\/pages\/34\/revisions\/104"}],"wp:attachment":[{"href":"https:\/\/www.tykomak.fi\/index.php\/wp-json\/wp\/v2\/media?parent=34"}],"curies":[{"name":"wp","href":"https:\/\/api.w.org\/{rel}","templated":true}]}}